{"id":18056,"date":"2023-07-24T15:53:22","date_gmt":"2023-07-24T13:53:22","guid":{"rendered":"https:\/\/mayegestion.fr\/?page_id=18056"},"modified":"2023-09-06T17:59:07","modified_gmt":"2023-09-06T15:59:07","slug":"politique-de-confidentialite","status":"publish","type":"page","link":"https:\/\/mayegestion.fr\/?page_id=18056","title":{"rendered":"Politique de confidentialit\u00e9"},"content":{"rendered":"\n<h2 class=\"wp-block-heading\"><\/h2>\n\n\n<p><style>\/*! elementor - v3.14.0 - 26-06-2023 *\/<br \/>\n.elementor-heading-title{padding:0;margin:0;line-height:1}.elementor-widget-heading .elementor-heading-title[class*=elementor-size-]>a{color:inherit;font-size:inherit;line-height:inherit}.elementor-widget-heading .elementor-heading-title.elementor-size-small{font-size:15px}.elementor-widget-heading .elementor-heading-title.elementor-size-medium{font-size:19px}.elementor-widget-heading .elementor-heading-title.elementor-size-large{font-size:29px}.elementor-widget-heading .elementor-heading-title.elementor-size-xl{font-size:39px}.elementor-widget-heading .elementor-heading-title.elementor-size-xxl{font-size:59px}<\/style><\/p>\n<h4>Politique de confidentialit\u00e9<b><\/b><\/h4>\n<p>Bienvenue sur www.mayegestion.fr, site de MAYE GESTION, entreprise de gestion immobili\u00e8re. En acc\u00e9dant \u00e0 ce site, vous acceptez les pr\u00e9sentes conditions d&rsquo;utilisation et vous engagez \u00e0 vous conformer \u00e0 cette politique de confidentialit\u00e9.<\/p>\n<p><b>Information \u00e9diteur :<\/b><\/p>\n<p>La responsabilit\u00e9 de l&rsquo;\u00e9dition de ce site est port\u00e9e par le Directeur de MAYE GESTION.<br \/>Informatique et Libert\u00e9s :<br \/>Conform\u00e9ment \u00e0 la loi n\u00b0 78-17 du 6 janvier 1978, relative \u00e0 l&rsquo;informatique, aux fichiers et aux libert\u00e9s (dite \u00ab\u00a0Informatique et Libert\u00e9s\u00a0\u00bb), ce site a fait l&rsquo;objet d&rsquo;une d\u00e9claration \u00e0 la CNIL via la soci\u00e9t\u00e9 , soci\u00e9t\u00e9 \u00e9ditrice de la solution informatique utilis\u00e9e pour ce site.<\/p>\n<p><b>Exercice du droit d&rsquo;acc\u00e8s :<\/b><\/p>\n<p>Conform\u00e9ment \u00e0 l&rsquo;article 34 de la Loi Informatique et Libert\u00e9s, vous disposez d&rsquo;un droit d&rsquo;acc\u00e8s, de modification, de rectification et de suppression des donn\u00e9es qui vous concernent. Pour exercer ce droit d&rsquo;acc\u00e8s, veuillez nous contacter \u00e0 l&rsquo;adresse contact@mayegestion.com. Pour plus d&rsquo;informations sur la loi Informatique et Libert\u00e9s, vous pouvez consulter le site Internet de la CNIL.<\/p>\n<p><b>Droits d&rsquo;auteur \/ Copyright :<\/b><\/p>\n<p>L&rsquo;ensemble des informations pr\u00e9sentes sur ce site peut \u00eatre t\u00e9l\u00e9charg\u00e9, reproduit, imprim\u00e9 sous r\u00e9serve de :<br \/>&#8211; N&rsquo;utiliser de telles informations qu&rsquo;\u00e0 des fins personnelles et en aucune mani\u00e8re \u00e0 des fins commerciales ;<br \/>&#8211; Ne pas modifier de telles informations ;<br \/>&#8211; Reproduire sur toutes copies la mention des droits d&rsquo;auteur (\u00ab\u00a0le copyright\u00a0\u00bb) de MAYE GESTION.<br \/>Toute autre utilisation non express\u00e9ment autoris\u00e9e est strictement interdite sans autorisation pr\u00e9alable et \u00e9crite de MAYE GESTION.<\/p>\n<p><b>Responsabilit\u00e9 :<\/b><\/p>\n<p>L&rsquo;ensemble des informations accessibles via ce site est fourni en l&rsquo;\u00e9tat. MAYE GESTION ne donne aucune garantie, explicite ou implicite, et n&rsquo;assume aucune responsabilit\u00e9 relative \u00e0 l&rsquo;utilisation de ces informations. L&rsquo;utilisateur est seul responsable de l&rsquo;utilisation de telles informations. MAYE GESTION se r\u00e9serve le droit de modifier \u00e0 tout moment les pr\u00e9sentes, notamment en actualisant ce site. MAYE GESTION ne pourra \u00eatre responsable pour quelque dommage que ce soit, tant direct qu&rsquo;indirect, r\u00e9sultant d&rsquo;une information contenue sur ce site. L&rsquo;utilisateur s&rsquo;engage \u00e0 ne transmettre sur ce site aucune information pouvant entra\u00eener une responsabilit\u00e9 civile ou p\u00e9nale et s&rsquo;engage \u00e0 ce titre \u00e0 ne pas divulguer via ce site des informations ill\u00e9gales, contraires \u00e0 l&rsquo;ordre public ou diffamatoires. Les sites ext\u00e9rieurs ayant un lien hypertexte avec le pr\u00e9sent site ne sont pas sous contr\u00f4le de MAYE GESTION qui d\u00e9cline, par cons\u00e9quent, toute responsabilit\u00e9 quant \u00e0 leur contenu. L&rsquo;utilisateur est seul responsable de leur utilisation.<\/p>\n<p><b>Cookies :<\/b><\/p>\n<p>Lors de la consultation de notre site, des informations sont susceptibles d&rsquo;\u00eatre enregistr\u00e9es dans des fichiers \u00ab\u00a0cookies\u00a0\u00bb install\u00e9s dans votre ordinateur, tablette ou t\u00e9l\u00e9phone mobile.<br \/>Cette page permet de comprendre ce qu&rsquo;est un cookie, \u00e0 quoi il sert et comment on peut le param\u00e9trer.<\/p>\n<p><b>1. Qu&rsquo;est-ce qu&rsquo;un cookie ?<\/b><\/p>\n<p>Un cookie est un fichier texte susceptible d&rsquo;\u00eatre enregistr\u00e9, sous r\u00e9serve de vos choix, dans un espace d\u00e9di\u00e9 du disque dur de votre terminal, \u00e0 l&rsquo;occasion de la consultation d&rsquo;un service en ligne gr\u00e2ce \u00e0 votre logiciel de navigation. Un fichier cookie permet \u00e0 son \u00e9metteur d&rsquo;identifier le terminal dans lequel il est enregistr\u00e9, pendant la dur\u00e9e de validit\u00e9 du cookie.<\/p>\n<p><b>2. \u00c0 quoi servent les cookies \u00e9mis sur notre site ?<\/b><\/p>\n<p>Les cookies utilis\u00e9s sur notre site permettent d&rsquo;identifier les services et rubriques que l&rsquo;utilisateur a visit\u00e9s, et plus g\u00e9n\u00e9ralement son comportement en mati\u00e8re de visites. Ces informations sont utiles pour mieux personnaliser les services, contenus, offres et banni\u00e8res qui apparaissent sur notre site et facilitent votre navigation sur notre site. Des cookies sont \u00e9galement n\u00e9cessaires au bon fonctionnement de certains services ou encore pour mesurer leur audience. Des cookies sont \u00e9galement susceptibles d&rsquo;\u00eatre inclus dans les espaces publicitaires de notre site. Certaines informations non identifiantes peuvent \u00eatre adress\u00e9es \u00e0 des tiers pour leur permettre d&rsquo;adapter leurs contenus.<\/p>\n<p><b>2.1 Les cookies que nous \u00e9mettons sur notre site :<\/b><\/p>\n<p>Lorsque vous vous connectez \u00e0 notre site, nous pouvons \u00eatre amen\u00e9s, sous r\u00e9serve de vos choix, \u00e0 installer divers cookies dans votre terminal nous permettant de reconna\u00eetre le navigateur de votre terminal pendant la dur\u00e9e de validit\u00e9 du cookie concern\u00e9. Les cookies que nous \u00e9mettons sont utilis\u00e9s aux fins d\u00e9crites ci-dessous, sous r\u00e9serve de vos choix qui r\u00e9sultent des param\u00e8tres de votre logiciel de navigation utilis\u00e9 lors de la visite de notre site. Les cookies nous permettent de :<\/p>\n<p>1. Faciliter votre navigation sur notre site :<br \/>&#8211; En adaptant la pr\u00e9sentation de notre site aux pr\u00e9f\u00e9rences d&rsquo;affichage de votre terminal (langue utilis\u00e9e, r\u00e9solution d&rsquo;affichage, syst\u00e8me d&rsquo;exploitation utilis\u00e9, etc.) lors de vos visites sur notre site, selon les mat\u00e9riels et les logiciels de visualisation ou de lecture que votre terminal comporte.<br \/>&#8211; En m\u00e9morisant des informations relatives \u00e0 un formulaire que vous avez rempli sur notre site (inscription ou acc\u00e8s \u00e0 votre compte) ou \u00e0 des produits, services ou informations que vous avez choisis sur notre site (service souscrit, contenu consult\u00e9, etc.).<br \/>&#8211; En vous permettant d&rsquo;acc\u00e9der \u00e0 des espaces r\u00e9serv\u00e9s et personnels de notre site, tels que votre compte, gr\u00e2ce \u00e0 des identifiants ou des donn\u00e9es que vous nous avez \u00e9ventuellement ant\u00e9rieurement confi\u00e9s.<br \/>&#8211; En mettant en \u0153uvre des mesures de s\u00e9curit\u00e9.<\/p>\n<p>2. Am\u00e9liorer nos services :<br \/>&#8211; Ces cookies permettent d&rsquo;\u00e9tablir des statistiques et le volume de fr\u00e9quentation et d&rsquo;utilisation des divers \u00e9l\u00e9ments composant notre site (rubriques et contenus visit\u00e9s, parcours, etc.) afin d&rsquo;am\u00e9liorer l&rsquo;int\u00e9r\u00eat et l&rsquo;ergonomie de nos services.<\/p>\n<p><b>3. Dur\u00e9e de validit\u00e9 des cookies<\/b><\/p>\n<p>Les cookies que nous \u00e9mettons sont configur\u00e9s pour une dur\u00e9e de validit\u00e9 de 13 (treize) mois.<\/p>\n<p><b>4. Vos choix concernant les cookies<\/b><\/p>\n<p>Plusieurs possibilit\u00e9s vous sont offertes pour g\u00e9rer les cookies. Tout param\u00e9trage que vous pouvez entreprendre sera susceptible de modifier votre navigation sur Internet et notre site, ainsi que vos conditions d&rsquo;acc\u00e8s \u00e0 certains services n\u00e9cessitant l&rsquo;utilisation de cookies. Si vous n&rsquo;acceptez pas l&rsquo;enregistrement de cookies dans votre terminal, ou si vous supprimez ceux qui y sont enregistr\u00e9s, vous ne pourrez plus b\u00e9n\u00e9ficier d&rsquo;un certain nombre de fonctionnalit\u00e9s n\u00e9cessaires pour naviguer dans certains espaces de notre site. Tel serait le cas si vous tentiez d&rsquo;acc\u00e9der \u00e0 nos contenus ou services qui n\u00e9cessitent de vous identifier. Tel serait \u00e9galement le cas lorsque nous -ou nos prestataires- ne pourrions pas reconna\u00eetre, \u00e0 des fins de compatibilit\u00e9 technique, le type de navigateur utilis\u00e9 par votre terminal, ses param\u00e8tres de langue et d&rsquo;affichage, ou le pays depuis lequel votre terminal semble connect\u00e9 \u00e0 Internet. Le cas \u00e9ch\u00e9ant, nous d\u00e9clinons toute responsabilit\u00e9 pour les cons\u00e9quences li\u00e9es au fonctionnement d\u00e9grad\u00e9 de nos services r\u00e9sultant de l&rsquo;impossibilit\u00e9 pour nous d&rsquo;enregistrer ou de consulter les cookies n\u00e9cessaires \u00e0 leur fonctionnement et que vous auriez refus\u00e9s ou supprim\u00e9s.<\/p>\n<p><b>4.1 Refuser un cookie par l&rsquo;interm\u00e9diaire de votre logiciel de navigation<\/b><\/p>\n<p>Vous pouvez configurer votre logiciel de navigation de mani\u00e8re \u00e0 ce que des cookies soient enregistr\u00e9s dans votre terminal ou, au contraire, qu&rsquo;ils soient rejet\u00e9s, soit syst\u00e9matiquement, soit selon leur \u00e9metteur. Vous pouvez \u00e9galement configurer votre logiciel de navigation de mani\u00e8re \u00e0 ce que l&rsquo;acceptation ou le refus des cookies vous soient propos\u00e9s ponctuellement, avant qu&rsquo;un cookie soit susceptible d&rsquo;\u00eatre enregistr\u00e9 dans votre terminal.<\/p>\n<p>Pour plus d&rsquo;informations sur la gestion des cookies dans votre navigateur, vous pouvez consulter les liens suivants :<br \/>&#8211; Internet Explorer : http:\/\/windows.microsoft.com\/fr-FR\/windows-vista\/Block-or-allow-cookies<br \/>&#8211; Firefox : https:\/\/support.mozilla.org\/fr\/kb\/autoriser-bloquer-cookies-preferences-sites?redirectlocale=fr&amp;redirectslug=activer-desactiver-cookies<br \/>&#8211; Safari : https:\/\/www.apple.com\/legal\/privacy\/fr-ww\/cookies\/<br \/>&#8211; Google Chrome : https:\/\/support.google.com\/chrome\/answer\/95647?hl=fr&amp;hlrm=en<br \/>&#8211; Opera\u2122 : https:\/\/help.opera.com\/en\/faq\/<\/p>\n<p><b>4.2 Refuser un cookie publicitaire<\/b><\/p>\n<p>Vous pouvez g\u00e9rer l&rsquo;utilisation et l&rsquo;exploitation des cookies publicitaires en vous rendant sur la plateforme de gestion des cookies publicitaires propos\u00e9e par les professionnels de la publicit\u00e9 : http:\/\/www.youronlinechoices.com\/fr\/controler-ses-cookies\/ et en suivant les instructions qui y sont donn\u00e9es. Vous pourrez ainsi conna\u00eetre les entreprises inscrites \u00e0 cette plateforme, lesquelles vous offrent la possibilit\u00e9 de refuser ou accepter les cookies utilis\u00e9s par elles pour adapter \u00e0 vos informations de navigation les publicit\u00e9s susceptibles d&rsquo;\u00eatre affich\u00e9es.<\/p>\n<p><b>4.3 Refuser un cookie \u00e9mis par un r\u00e9seau social<\/b><\/p>\n<p>Si vous ne souhaitez pas que notre site enregistre des cookies \u00e9mis par un r\u00e9seau social, vous pouvez cliquer sur les liens de d\u00e9sactivation suivants qui enregistreront au sein de votre navigateur un cookie ayant pour unique objet de les d\u00e9sactiver. D\u00e9sactiver ces cookies emp\u00eachera donc toute interaction avec le ou les r\u00e9seaux sociaux concern\u00e9s :<br \/>&#8211; FACEBOOK : https:\/\/www.facebook.com\/help\/360595310676682\/<br \/>&#8211; TWITTER : https:\/\/support.twitter.com\/articles\/20171379-twitter-prend-en-charge-la-desactivation-du-suivi-dnt#<br \/>&#8211; GOOGLE+ : https:\/\/support.google.com\/accounts\/answer\/61416?hl=fr<br \/>&#8211; LINKEDIN : http:\/\/www.linkedin.com\/legal\/cookie-policy<br \/>&#8211; YAHOO : https:\/\/info.yahoo.com\/privacy\/us\/yahoo\/cookies\/<br \/>&#8211; YOUTUBE : https:\/\/support.google.com\/accounts\/answer\/61416?hl=fr<\/p>\n<p><b>En savoir plus sur les cookies :<\/b><\/p>\n<p>Pour en savoir plus sur les cookies et comment les g\u00e9rer, vous pouvez consulter le site de la CNIL : https:\/\/www.cnil.fr\/fr\/cookies-les-outils-pour-les-maitriser<\/p>\n<p><b>Messagerie :<\/b><\/p>\n<p>Pour toute remarque sur le fonctionnement du site, contactez-nous par mail \u00e0 l&rsquo;adresse contact@mayegestion.com.<\/p>\n<p><b>Informations l\u00e9gales :<\/b><\/p>\n<p>Adresse si\u00e8ge social : 67 rue de l&rsquo;Abbe Groult, 75015 Paris<br \/>T\u00e9l\u00e9phone : 07 65 69 73 01<br \/>Email : contact@mayegestion.com<\/p>\n<p>\u00a0<\/p>\n\n<nav class=\"has-text-color has-vivid-cyan-blue-color has-background has-white-background-color has-medium-font-size is-responsive items-justified-center wp-block-navigation is-horizontal is-content-justification-center is-layout-flex wp-container-core-navigation-is-layout-03627597 wp-block-navigation-is-layout-flex\" aria-label=\"Maye\" \n\t\t data-wp-interactive=\"core\/navigation\" data-wp-context='{\"overlayOpenedBy\":{\"click\":false,\"hover\":false,\"focus\":false},\"type\":\"overlay\",\"roleAttribute\":\"\",\"ariaLabel\":\"Menu\"}'><button aria-haspopup=\"dialog\" aria-label=\"Ouvrir le menu\" class=\"wp-block-navigation__responsive-container-open\" \n\t\t\t\tdata-wp-on--click=\"actions.openMenuOnClick\"\n\t\t\t\tdata-wp-on--keydown=\"actions.handleMenuKeydown\"\n\t\t\t><svg width=\"24\" height=\"24\" xmlns=\"http:\/\/www.w3.org\/2000\/svg\" viewBox=\"0 0 24 24\" aria-hidden=\"true\" focusable=\"false\"><path d=\"M4 7.5h16v1.5H4z\"><\/path><path d=\"M4 15h16v1.5H4z\"><\/path><\/svg><\/button>\n\t\t\t\t<div class=\"wp-block-navigation__responsive-container\"  id=\"modal-1\" \n\t\t\t\tdata-wp-class--has-modal-open=\"state.isMenuOpen\"\n\t\t\t\tdata-wp-class--is-menu-open=\"state.isMenuOpen\"\n\t\t\t\tdata-wp-watch=\"callbacks.initMenu\"\n\t\t\t\tdata-wp-on--keydown=\"actions.handleMenuKeydown\"\n\t\t\t\tdata-wp-on--focusout=\"actions.handleMenuFocusout\"\n\t\t\t\ttabindex=\"-1\"\n\t\t\t>\n\t\t\t\t\t<div class=\"wp-block-navigation__responsive-close\" tabindex=\"-1\">\n\t\t\t\t\t\t<div class=\"wp-block-navigation__responsive-dialog\" \n\t\t\t\tdata-wp-bind--aria-modal=\"state.ariaModal\"\n\t\t\t\tdata-wp-bind--aria-label=\"state.ariaLabel\"\n\t\t\t\tdata-wp-bind--role=\"state.roleAttribute\"\n\t\t\t>\n\t\t\t\t\t\t\t<button aria-label=\"Fermer le menu\" class=\"wp-block-navigation__responsive-container-close\" \n\t\t\t\tdata-wp-on--click=\"actions.closeMenuOnClick\"\n\t\t\t><svg xmlns=\"http:\/\/www.w3.org\/2000\/svg\" viewBox=\"0 0 24 24\" width=\"24\" height=\"24\" aria-hidden=\"true\" focusable=\"false\"><path d=\"m13.06 12 6.47-6.47-1.06-1.06L12 10.94 5.53 4.47 4.47 5.53 10.94 12l-6.47 6.47 1.06 1.06L12 13.06l6.47 6.47 1.06-1.06L13.06 12Z\"><\/path><\/svg><\/button>\n\t\t\t\t\t\t\t<div class=\"wp-block-navigation__responsive-container-content\" \n\t\t\t\tdata-wp-watch=\"callbacks.focusFirstElement\"\n\t\t\t id=\"modal-1-content\">\n\t\t\t\t\t\t\t\t<ul class=\"wp-block-navigation__container has-text-color has-vivid-cyan-blue-color has-background has-white-background-color has-medium-font-size is-responsive items-justified-center wp-block-navigation has-medium-font-size\"><li class=\"has-medium-font-size wp-block-navigation-item wp-block-navigation-link\"><a class=\"wp-block-navigation-item__content\"  href=\"https:\/\/mayegestion.fr\/\"><span class=\"wp-block-navigation-item__label\">Accueil<\/span><\/a><\/li><li class=\"has-medium-font-size wp-block-navigation-item wp-block-navigation-link\"><a class=\"wp-block-navigation-item__content\"  href=\"https:\/\/mayegestion.fr\/?page_id=17879\"><span class=\"wp-block-navigation-item__label\">Qui sommes nous ?<\/span><\/a><\/li><li class=\"has-medium-font-size wp-block-navigation-item wp-block-navigation-link\"><a class=\"wp-block-navigation-item__content\"  href=\"https:\/\/mayegestion.fr\/?page_id=18803\"><span class=\"wp-block-navigation-item__label\">Location<\/span><\/a><\/li><li class=\"has-medium-font-size wp-block-navigation-item wp-block-navigation-link\"><a class=\"wp-block-navigation-item__content\"  href=\"https:\/\/mayegestion.fr\/?page_id=18903\"><span class=\"wp-block-navigation-item__label\">Gestion<\/span><\/a><\/li><li class=\"has-medium-font-size wp-block-navigation-item wp-block-navigation-link\"><a class=\"wp-block-navigation-item__content\"  href=\"https:\/\/mayegestion.fr\/?page_id=17888\"><span class=\"wp-block-navigation-item__label\">Honoraires<\/span><\/a><\/li><li class=\"has-medium-font-size wp-block-navigation-item wp-block-navigation-link\"><a class=\"wp-block-navigation-item__content\"  href=\"https:\/\/mayegestion.fr\/?page_id=16941\"><span class=\"wp-block-navigation-item__label\">Contact<\/span><\/a><\/li><\/ul>\n\t\t\t\t\t\t\t<\/div>\n\t\t\t\t\t\t<\/div>\n\t\t\t\t\t<\/div>\n\t\t\t\t<\/div><\/nav>\n\n\n<div style=\"height:100px\" aria-hidden=\"true\" class=\"wp-block-spacer\"><\/div>\n","protected":false},"excerpt":{"rendered":"<p>Politique de confidentialit\u00e9 Bienvenue sur www.mayegestion.fr, site de MAYE GESTION, entreprise de gestion immobili\u00e8re. En acc\u00e9dant \u00e0 ce site, vous acceptez les pr\u00e9sentes conditions d&rsquo;utilisation et vous engagez \u00e0 vous conformer \u00e0 cette politique de confidentialit\u00e9. Information \u00e9diteur : La responsabilit\u00e9 de l&rsquo;\u00e9dition de ce site est port\u00e9e par le Directeur de MAYE GESTION.Informatique et [&hellip;]<\/p>\n","protected":false},"author":1,"featured_media":0,"parent":17877,"menu_order":0,"comment_status":"closed","ping_status":"closed","template":"elementor_canvas","meta":{"footnotes":""},"class_list":["post-18056","page","type-page","status-publish","hentry"],"_links":{"self":[{"href":"https:\/\/mayegestion.fr\/index.php?rest_route=\/wp\/v2\/pages\/18056","targetHints":{"allow":["GET"]}}],"collection":[{"href":"https:\/\/mayegestion.fr\/index.php?rest_route=\/wp\/v2\/pages"}],"about":[{"href":"https:\/\/mayegestion.fr\/index.php?rest_route=\/wp\/v2\/types\/page"}],"author":[{"embeddable":true,"href":"https:\/\/mayegestion.fr\/index.php?rest_route=\/wp\/v2\/users\/1"}],"replies":[{"embeddable":true,"href":"https:\/\/mayegestion.fr\/index.php?rest_route=%2Fwp%2Fv2%2Fcomments&post=18056"}],"version-history":[{"count":5,"href":"https:\/\/mayegestion.fr\/index.php?rest_route=\/wp\/v2\/pages\/18056\/revisions"}],"predecessor-version":[{"id":19780,"href":"https:\/\/mayegestion.fr\/index.php?rest_route=\/wp\/v2\/pages\/18056\/revisions\/19780"}],"up":[{"embeddable":true,"href":"https:\/\/mayegestion.fr\/index.php?rest_route=\/wp\/v2\/pages\/17877"}],"wp:attachment":[{"href":"https:\/\/mayegestion.fr\/index.php?rest_route=%2Fwp%2Fv2%2Fmedia&parent=18056"}],"curies":[{"name":"wp","href":"https:\/\/api.w.org\/{rel}","templated":true}]}}